{"id":106,"date":"2021-10-12T14:44:41","date_gmt":"2021-10-12T12:44:41","guid":{"rendered":"https:\/\/restgeraeusche.de\/?page_id=106"},"modified":"2021-11-13T21:29:06","modified_gmt":"2021-11-13T19:29:06","slug":"links","status":"publish","type":"page","link":"https:\/\/restgeraeusche.de\/?page_id=106","title":{"rendered":"Links"},"content":{"rendered":"<p style=\"text-align: center;\"><strong><span style=\"font-family: arial, helvetica, sans-serif; font-size: 14pt;\">Hinter&#8217;m Horizont geht&#8217;s weiter&#8230; [tm]<\/span><\/strong><\/p>\n<p style=\"text-align: justify;\"><span style=\"font-family: arial, helvetica, sans-serif;\">Links auf einige von mir favourisierten K\u00fcnstler\/Gruppen sowie Labels\/Recordstores. Nat\u00fcrlich hat die Liste keinen Anspruch auf Vollst\u00e4ndigkeit und ist im stetigen, additiven, Wandel. Zu einigen Labels oder K\u00fcnstler\/Gruppen gibt keine Webseite, sie werden &#8211; auch wenn sie nicht (mehr) existieren &#8211; aufgrund pers\u00f6nlicher Relevanz trotzdem aufgef\u00fchrt. Die Inhalte der Verweise sind in der jeweiligen Rubrik in alphabetischer Reihenfolge und \u00f6ffnen sich in einem neuen Tab.<br \/>\n<\/span><\/p>\n<p>Stand: 08. November 2021<\/p>\n<p style=\"text-align: center;\"><span style=\"font-size: 14pt; font-family: arial, helvetica, sans-serif;\">\u2207 K\u00fcnstler, Gruppen und Projekte \u2207<br \/>\n<\/span><\/p>\n<ul>\n<li><a href=\"https:\/\/abbasite.com\/\" target=\"_blank\" rel=\"noopener\">ABBA<\/a><\/li>\n<li><a href=\"http:\/\/apparat.net\/tour\/\" target=\"_blank\" rel=\"noopener\"><span style=\"font-family: arial, helvetica, sans-serif;\">Apparat<\/span><\/a><\/li>\n<li><span style=\"font-family: arial, helvetica, sans-serif;\"><a href=\"https:\/\/www.facebook.com\/artofnoiseofficial\/\" target=\"_blank\" rel=\"noopener\">(The) Art Of Noise<\/a><\/span><\/li>\n<li><span style=\"font-family: arial, helvetica, sans-serif;\"><a href=\"http:\/\/www.carbonbasedlifeforms.net\/\" target=\"_blank\" rel=\"noopener\">Carbon Based Lifeforms<\/a><\/span><\/li>\n<li><span style=\"font-family: arial, helvetica, sans-serif;\"><a href=\"https:\/\/ultimae.com\/artists\/connect-ohm\/\" target=\"_blank\" rel=\"noopener\">Connect.Ohm<\/a><\/span><\/li>\n<li><span style=\"font-family: arial, helvetica, sans-serif;\"><a href=\"https:\/\/www.facebook.com\/profile.php?id=100031968026930\" target=\"_blank\" rel=\"noopener\">Das Muster<\/a><\/span><\/li>\n<li><span style=\"font-family: arial, helvetica, sans-serif;\"><a href=\"https:\/\/astrangelyisolatedplace.bandcamp.com\/album\/ruhleben\" target=\"_blank\" rel=\"noopener\">Dr. Atmo &amp; Mick Chillage<\/a><\/span><\/li>\n<li><span style=\"font-family: arial, helvetica, sans-serif;\"><a href=\"http:\/\/www.eroc.de\/index.php\/de\/\" target=\"_blank\" rel=\"noopener\">Eroc<\/a><\/span><\/li>\n<li><span style=\"font-family: arial, helvetica, sans-serif;\"><a href=\"https:\/\/kompakt-gas.bandcamp.com\/\" target=\"_blank\" rel=\"noopener\">Gas<\/a><\/span><\/li>\n<li><a href=\"https:\/\/jeanmicheljarre.com\/\" target=\"_blank\" rel=\"noopener\">Jean Michel Jarre<\/a><\/li>\n<li><span style=\"font-family: arial, helvetica, sans-serif;\"><a href=\"https:\/\/www.instagram.com\/kangding_ray\/\" target=\"_blank\" rel=\"noopener\">Kangding Ray<\/a><\/span><\/li>\n<li><span style=\"font-family: arial, helvetica, sans-serif;\"><a href=\"https:\/\/www.klaus-schulze.com\/\" target=\"_blank\" rel=\"noopener\">Klaus Schulz<\/a><\/span><\/li>\n<li><span style=\"font-family: arial, helvetica, sans-serif;\">KLF (keine offizielle Webseite)<\/span><\/li>\n<li><span style=\"font-family: arial, helvetica, sans-serif;\"><a href=\"https:\/\/kraftwerk.com\/\" target=\"_blank\" rel=\"noopener\">Kraftwerk<\/a><\/span><\/li>\n<li><span style=\"font-family: arial, helvetica, sans-serif;\"><a href=\"https:\/\/www.facebook.com\/Krypton81electro\" target=\"_blank\" rel=\"noopener\">Krypton81<\/a><\/span><\/li>\n<li><span style=\"font-family: arial, helvetica, sans-serif;\">Lassigue Bendthaus (aka <a href=\"http:\/\/atom-tm.com\/\" target=\"_blank\" rel=\"noopener\">Atom Heart<\/a> et al.)<\/span><\/li>\n<li><span style=\"font-family: arial, helvetica, sans-serif;\"><a href=\"https:\/\/www.ashra.com\/\" target=\"_blank\" rel=\"noopener\">Manuel G\u00f6ttsching<\/a><\/span><\/li>\n<li><span style=\"font-family: arial, helvetica, sans-serif;\"><a href=\"https:\/\/www.astrangelyisolatedplace.com\/artists-merrin-karras\" target=\"_blank\" rel=\"noopener\">Merrin Karras<\/a><\/span><\/li>\n<li><span style=\"font-family: arial, helvetica, sans-serif;\"><a href=\"http:\/\/www.neworder.com\/\" target=\"_blank\" rel=\"noopener\">New Order<\/a><\/span><\/li>\n<li><span style=\"font-family: arial, helvetica, sans-serif;\">Pete Namlook (keine offizielle Webseite, namlook.de ist nicht mehr online)<\/span><\/li>\n<li><span style=\"font-family: arial, helvetica, sans-serif;\"><a href=\"https:\/\/www.pinkfloyd.com\/\" target=\"_blank\" rel=\"noopener\">Pink Floyd<\/a><\/span><\/li>\n<li><span style=\"font-family: arial, helvetica, sans-serif;\"><a href=\"http:\/\/www.santaesmeralda.net\/\" target=\"_blank\" rel=\"noopener\">Santa Esmeralda<\/a><\/span><\/li>\n<li><span style=\"font-family: arial, helvetica, sans-serif;\"><a href=\"http:\/\/solarfields.com\/\" target=\"_blank\" rel=\"noopener\">Solar Fields<\/a><\/span><\/li>\n<li><span style=\"font-family: arial, helvetica, sans-serif;\"><a href=\"https:\/\/stellardrone.bandcamp.com\/music\" target=\"_blank\" rel=\"noopener\">Stellardrone<\/a><\/span><\/li>\n<li><span style=\"font-family: arial, helvetica, sans-serif;\"><a href=\"https:\/\/www.facebook.com\/VangelisOfficial\" target=\"_blank\" rel=\"noopener\">Vangelis<\/a><\/span><\/li>\n<li><span style=\"font-family: arial, helvetica, sans-serif;\"><a href=\"http:\/\/www.vertical67.com\/\" target=\"_blank\" rel=\"noopener\">Vertical67<\/a><\/span><\/li>\n<li><a href=\"https:\/\/www.facebook.com\/wanderwellemusic\" target=\"_blank\" rel=\"noopener\">Wanderwelle<\/a><\/li>\n<li><a href=\"https:\/\/www.yello.com\/\" target=\"_blank\" rel=\"noopener\">Yello<\/a><\/li>\n<\/ul>\n<p style=\"text-align: center;\"><span style=\"font-size: 14pt; font-family: arial, helvetica, sans-serif;\">\u2207 Labels und Recordstores \u2207<br \/>\n<\/span><\/p>\n<ul>\n<li><span style=\"font-family: arial, helvetica, sans-serif;\"><a href=\"https:\/\/www.astrangelyisolatedplace.com\/\" target=\"_blank\" rel=\"noopener\">A Strangely Isolated Place<\/a> (Label)<\/span><\/li>\n<li><span style=\"font-family: arial, helvetica, sans-serif;\"><a href=\"http:\/\/eudemoniarecords.net\/\" target=\"_blank\" rel=\"noopener\">Eudemonia Records<\/a> (Label)<\/span><\/li>\n<li><span style=\"font-family: arial, helvetica, sans-serif;\">kk Records (Label, seit ca. 2000 inaktiv)<\/span><\/li>\n<li><span style=\"font-family: arial, helvetica, sans-serif;\"><a href=\"https:\/\/www.juno.co.uk\/\" target=\"_blank\" rel=\"noopener\">Juno Records<\/a> (Recordstore)<\/span><\/li>\n<li><span style=\"font-family: arial, helvetica, sans-serif;\"><a href=\"https:\/\/kompakt.fm\/\" target=\"_blank\" rel=\"noopener\">Kompakt<\/a> (Label und Recordstore)<\/span><\/li>\n<li><span style=\"font-family: arial, helvetica, sans-serif;\"><a href=\"https:\/\/www.mille-plateaux.com\/\" target=\"_blank\" rel=\"noopener\">Mille Plateaux<\/a> (Label)<\/span><\/li>\n<li><span style=\"font-family: arial, helvetica, sans-serif;\"><a href=\"https:\/\/mute.com\/\" target=\"_blank\" rel=\"noopener\">Mute<\/a> (Label und Recordstore)<\/span><\/li>\n<li><span style=\"font-family: arial, helvetica, sans-serif;\"><a href=\"https:\/\/raster-media.net\/\" target=\"_blank\" rel=\"noopener\">Raster-Noton<\/a> (Label)<\/span><\/li>\n<li><span style=\"font-family: arial, helvetica, sans-serif;\"><a href=\"https:\/\/systematic-recordings.com\/\" target=\"_blank\" rel=\"noopener\">Systematic Recordings<\/a> (Label und Recordstore)<\/span><\/li>\n<li><span style=\"font-family: arial, helvetica, sans-serif;\"><a href=\"https:\/\/warp.net\/\" target=\"_blank\" rel=\"noopener\">Warp Records<\/a> (Label und Recordstore)<\/span><\/li>\n<li style=\"text-align: left;\"><span style=\"font-family: arial, helvetica, sans-serif;\"><span style=\"font-family: arial, helvetica, sans-serif;\"><a href=\"https:\/\/ultimae.com\/\" target=\"_blank\" rel=\"noopener\">Ultimae Records<\/a> (Label und Recordstore)<\/span><\/span><\/li>\n<\/ul>\n<p style=\"text-align: center;\"><span style=\"font-family: arial, helvetica, sans-serif; font-size: 14pt;\">\u2207 Diverses \u2207<br \/>\n<\/span><\/p>\n<ul>\n<li><a href=\"https:\/\/bandcamp.com\/\" target=\"_blank\" rel=\"noopener\">bandcamp<\/a> (Online-Musikdienst f\u00fcr unabh\u00e4ngige K\u00fcnstler)<\/li>\n<li><a href=\"https:\/\/soundcloud.com\/discover\" target=\"_blank\" rel=\"noopener\">soundcloud<\/a> (Online-Musikdienst f\u00fcr unabh\u00e4ngige K\u00fcnstler)<\/li>\n<li><a href=\"https:\/\/www.spotify.com\/de\/\" target=\"_blank\" rel=\"noopener\">spotify<\/a> (kommerzieller Musikstreaming-Dienst)<\/li>\n<\/ul>\n<blockquote><p><span style=\"font-family: arial, helvetica, sans-serif;\">&#8222;Wir k\u00f6nnen nicht so gut reden, also machen wir Musik&#8220; (Ralf H\u00fctter, Kraftwerk)<\/span><\/p><\/blockquote>\n<div class=\"shariff shariff-align-left shariff-widget-align-left\" data-services=\"facebook\" data-url=\"https:\/\/restgeraeusche.de\/?page_id=106\" data-timestamp=\"1636838946\" data-hidezero=\"1\" data-backendurl=\"?rest_route=\/shariff\/v1\/share_counts&\"><ul class=\"shariff-buttons theme-round orientation-horizontal buttonsize-medium\"><li class=\"shariff-button facebook shariff-nocustomcolor\" style=\"background-color:#4273c8\"><a href=\"https:\/\/www.facebook.com\/sharer\/sharer.php?u=https%3A%2F%2Frestgeraeusche.de%2F%3Fpage_id%3D106\" title=\"Bei Facebook teilen\" aria-label=\"Bei Facebook teilen\" role=\"button\" rel=\"nofollow\" class=\"shariff-link\" style=\"; background-color:#3b5998; color:#fff\" target=\"_blank\"><span class=\"shariff-icon\" style=\"\"><svg width=\"32px\" height=\"20px\" xmlns=\"http:\/\/www.w3.org\/2000\/svg\" viewBox=\"0 0 18 32\"><path fill=\"#3b5998\" d=\"M17.1 0.2v4.7h-2.8q-1.5 0-2.1 0.6t-0.5 1.9v3.4h5.2l-0.7 5.3h-4.5v13.6h-5.5v-13.6h-4.5v-5.3h4.5v-3.9q0-3.3 1.9-5.2t5-1.8q2.6 0 4.1 0.2z\"\/><\/svg><\/span><span data-service=\"facebook\" style=\"color:#3b5998\" class=\"shariff-count shariff-hidezero\"><\/span>&nbsp;<\/a><\/li><li class=\"shariff-button twitter shariff-nocustomcolor\" style=\"background-color:#595959\"><a href=\"https:\/\/twitter.com\/share?url=https%3A%2F%2Frestgeraeusche.de%2F%3Fpage_id%3D106&text=Links\" title=\"Bei X teilen\" aria-label=\"Bei X teilen\" role=\"button\" rel=\"noopener nofollow\" class=\"shariff-link\" style=\"; background-color:#000; color:#fff\" target=\"_blank\"><span class=\"shariff-icon\" style=\"\"><svg width=\"32px\" height=\"20px\" xmlns=\"http:\/\/www.w3.org\/2000\/svg\" viewBox=\"0 0 24 24\"><path fill=\"#000\" d=\"M14.258 10.152L23.176 0h-2.113l-7.747 8.813L7.133 0H0l9.352 13.328L0 23.973h2.113l8.176-9.309 6.531 9.309h7.133zm-2.895 3.293l-.949-1.328L2.875 1.56h3.246l6.086 8.523.945 1.328 7.91 11.078h-3.246zm0 0\"\/><\/svg><\/span><\/a><\/li><li class=\"shariff-button info shariff-nocustomcolor\" style=\"background-color:#eee\"><a href=\"http:\/\/ct.de\/-2467514\" title=\"Weitere Informationen\" aria-label=\"Weitere Informationen\" role=\"button\" rel=\"noopener \" class=\"shariff-link\" style=\"; background-color:#fff; color:#fff\" target=\"_blank\"><span class=\"shariff-icon\" style=\"\"><svg width=\"32px\" height=\"20px\" xmlns=\"http:\/\/www.w3.org\/2000\/svg\" viewBox=\"0 0 11 32\"><path fill=\"#999\" d=\"M11.4 24v2.3q0 0.5-0.3 0.8t-0.8 0.4h-9.1q-0.5 0-0.8-0.4t-0.4-0.8v-2.3q0-0.5 0.4-0.8t0.8-0.4h1.1v-6.8h-1.1q-0.5 0-0.8-0.4t-0.4-0.8v-2.3q0-0.5 0.4-0.8t0.8-0.4h6.8q0.5 0 0.8 0.4t0.4 0.8v10.3h1.1q0.5 0 0.8 0.4t0.3 0.8zM9.2 3.4v3.4q0 0.5-0.4 0.8t-0.8 0.4h-4.6q-0.4 0-0.8-0.4t-0.4-0.8v-3.4q0-0.4 0.4-0.8t0.8-0.4h4.6q0.5 0 0.8 0.4t0.4 0.8z\"\/><\/svg><\/span><\/a><\/li><\/ul><\/div>","protected":false},"excerpt":{"rendered":"<p>Hinter&#8217;m Horizont geht&#8217;s weiter&#8230; [tm] Links auf einige von mir favourisierten K\u00fcnstler\/Gruppen sowie Labels\/Recordstores. Nat\u00fcrlich hat die Liste keinen Anspruch auf Vollst\u00e4ndigkeit und ist im stetigen, additiven, Wandel. Zu einigen Labels oder K\u00fcnstler\/Gruppen gibt keine Webseite, sie werden &#8211; auch wenn sie nicht (mehr) existieren &#8211; aufgrund pers\u00f6nlicher Relevanz trotzdem aufgef\u00fchrt. Die Inhalte der Verweise&#8230; <a class=\"moretag\" href=\"https:\/\/restgeraeusche.de\/?page_id=106\">Weiter lesen &raquo;<\/a><\/p>\n","protected":false},"author":1,"featured_media":0,"parent":0,"menu_order":0,"comment_status":"closed","ping_status":"closed","template":"","meta":{"footnotes":""},"class_list":["post-106","page","type-page","status-publish","hentry"],"_links":{"self":[{"href":"https:\/\/restgeraeusche.de\/index.php?rest_route=\/wp\/v2\/pages\/106","targetHints":{"allow":["GET"]}}],"collection":[{"href":"https:\/\/restgeraeusche.de\/index.php?rest_route=\/wp\/v2\/pages"}],"about":[{"href":"https:\/\/restgeraeusche.de\/index.php?rest_route=\/wp\/v2\/types\/page"}],"author":[{"embeddable":true,"href":"https:\/\/restgeraeusche.de\/index.php?rest_route=\/wp\/v2\/users\/1"}],"replies":[{"embeddable":true,"href":"https:\/\/restgeraeusche.de\/index.php?rest_route=%2Fwp%2Fv2%2Fcomments&post=106"}],"version-history":[{"count":50,"href":"https:\/\/restgeraeusche.de\/index.php?rest_route=\/wp\/v2\/pages\/106\/revisions"}],"predecessor-version":[{"id":566,"href":"https:\/\/restgeraeusche.de\/index.php?rest_route=\/wp\/v2\/pages\/106\/revisions\/566"}],"wp:attachment":[{"href":"https:\/\/restgeraeusche.de\/index.php?rest_route=%2Fwp%2Fv2%2Fmedia&parent=106"}],"curies":[{"name":"wp","href":"https:\/\/api.w.org\/{rel}","templated":true}]}}